{"id":17348,"date":"2025-06-12T08:11:42","date_gmt":"2025-06-12T07:11:42","guid":{"rendered":"https:\/\/humanistsmalta.org\/?page_id=17348"},"modified":"2025-06-12T08:11:42","modified_gmt":"2025-06-12T07:11:42","slug":"assisted-dying-campaign-mt","status":"publish","type":"page","link":"https:\/\/humanistsmalta.org\/mt\/assisted-dying-campaign-mt\/","title":{"rendered":"Assisted Dying Campaign-MT"},"content":{"rendered":"<p>[et_pb_section fb_built=&#8221;1&#8243; admin_label=&#8221;Membership&#8221; _builder_version=&#8221;4.27.4&#8243; custom_padding=&#8221;0vw||2vw|||&#8221; locked=&#8221;off&#8221; global_colors_info=&#8221;{}&#8221;][et_pb_row _builder_version=&#8221;4.27.4&#8243; width=&#8221;86.2%&#8221; module_alignment=&#8221;center&#8221; custom_margin=&#8221;|617px||auto||&#8221; custom_padding=&#8221;1px|||||&#8221; custom_width_px__hover=&#8221;1080px&#8221; custom_width_px__hover_enabled=&#8221;1080px&#8221; custom_width_percent__hover=&#8221;80%&#8221; custom_width_percent__hover_enabled=&#8221;80%&#8221; global_colors_info=&#8221;{}&#8221; make_fullwidth__hover=&#8221;off&#8221; make_fullwidth__hover_enabled=&#8221;off&#8221; gutter_width__hover=&#8221;3&#8243; gutter_width__hover_enabled=&#8221;3&#8243; parallax_1__hover=&#8221;off&#8221; parallax_1__hover_enabled=&#8221;off&#8221; parallax_2__hover=&#8221;off&#8221; parallax_2__hover_enabled=&#8221;off&#8221; parallax_3__hover=&#8221;off&#8221; parallax_3__hover_enabled=&#8221;off&#8221; parallax_4__hover=&#8221;off&#8221; parallax_4__hover_enabled=&#8221;off&#8221; parallax_5__hover=&#8221;off&#8221; parallax_5__hover_enabled=&#8221;off&#8221; parallax_6__hover=&#8221;off&#8221; parallax_6__hover_enabled=&#8221;off&#8221; parallax_method_1__hover=&#8221;on&#8221; parallax_method_1__hover_enabled=&#8221;on&#8221; parallax_method_2__hover=&#8221;on&#8221; parallax_method_2__hover_enabled=&#8221;on&#8221; parallax_method_3__hover=&#8221;on&#8221; parallax_method_3__hover_enabled=&#8221;on&#8221; parallax_method_4__hover=&#8221;on&#8221; parallax_method_4__hover_enabled=&#8221;on&#8221; parallax_method_5__hover=&#8221;on&#8221; parallax_method_5__hover_enabled=&#8221;on&#8221; parallax_method_6__hover=&#8221;on&#8221; parallax_method_6__hover_enabled=&#8221;on&#8221; use_background_color_gradient__hover=&#8221;off&#8221; use_background_color_gradient__hover_enabled=&#8221;off&#8221; background_color_gradient_start__hover=&#8221;#2b87da&#8221; background_color_gradient_start__hover_enabled=&#8221;#2b87da&#8221; background_color_gradient_end__hover=&#8221;#29c4a9&#8243; background_color_gradient_end__hover_enabled=&#8221;#29c4a9&#8243; background_color_gradient_type__hover=&#8221;linear&#8221; background_color_gradient_type__hover_enabled=&#8221;linear&#8221; background_color_gradient_direction__hover=&#8221;180deg&#8221; background_color_gradient_direction__hover_enabled=&#8221;180deg&#8221; background_color_gradient_direction_radial__hover=&#8221;center&#8221; background_color_gradient_direction_radial__hover_enabled=&#8221;center&#8221; background_color_gradient_start_position__hover=&#8221;0%&#8221; background_color_gradient_start_position__hover_enabled=&#8221;0%&#8221; background_color_gradient_end_position__hover=&#8221;100%&#8221; background_color_gradient_end_position__hover_enabled=&#8221;100%&#8221; background_color_gradient_overlays_image__hover=&#8221;off&#8221; background_color_gradient_overlays_image__hover_enabled=&#8221;off&#8221; parallax__hover=&#8221;off&#8221; parallax__hover_enabled=&#8221;off&#8221; parallax_method__hover=&#8221;on&#8221; parallax_method__hover_enabled=&#8221;on&#8221; background_size__hover=&#8221;cover&#8221; background_size__hover_enabled=&#8221;cover&#8221; background_position__hover=&#8221;center&#8221; background_position__hover_enabled=&#8221;center&#8221; background_repeat__hover=&#8221;no-repeat&#8221; background_repeat__hover_enabled=&#8221;no-repeat&#8221; background_blend__hover=&#8221;normal&#8221; background_blend__hover_enabled=&#8221;normal&#8221; allow_player_pause__hover=&#8221;off&#8221; allow_player_pause__hover_enabled=&#8221;off&#8221; background_video_pause_outside_viewport__hover=&#8221;on&#8221; background_video_pause_outside_viewport__hover_enabled=&#8221;on&#8221; use_custom_width__hover=&#8221;off&#8221; use_custom_width__hover_enabled=&#8221;off&#8221; width_unit__hover=&#8221;on&#8221; width_unit__hover_enabled=&#8221;on&#8221; use_custom_gutter__hover=&#8221;off&#8221; use_custom_gutter__hover_enabled=&#8221;off&#8221; make_equal__hover=&#8221;off&#8221; make_equal__hover_enabled=&#8221;off&#8221; border_radii__hover=&#8221;on||||&#8221; border_radii__hover_enabled=&#8221;on||||&#8221; box_shadow_style__hover=&#8221;none&#8221; box_shadow_style__hover_enabled=&#8221;none&#8221; box_shadow_color__hover=&#8221;rgba(0,0,0,0.3)&#8221; box_shadow_color__hover_enabled=&#8221;rgba(0,0,0,0.3)&#8221; filter_hue_rotate__hover=&#8221;0deg&#8221; filter_hue_rotate__hover_enabled=&#8221;0deg&#8221; filter_saturate__hover=&#8221;100%&#8221; filter_saturate__hover_enabled=&#8221;100%&#8221; filter_brightness__hover=&#8221;100%&#8221; filter_brightness__hover_enabled=&#8221;100%&#8221; filter_contrast__hover=&#8221;100%&#8221; filter_contrast__hover_enabled=&#8221;100%&#8221; filter_invert__hover=&#8221;0%&#8221; filter_invert__hover_enabled=&#8221;0%&#8221; filter_sepia__hover=&#8221;0%&#8221; filter_sepia__hover_enabled=&#8221;0%&#8221; filter_opacity__hover=&#8221;100%&#8221; filter_opacity__hover_enabled=&#8221;100%&#8221; filter_blur__hover=&#8221;0px&#8221; filter_blur__hover_enabled=&#8221;0px&#8221; mix_blend_mode__hover=&#8221;normal&#8221; mix_blend_mode__hover_enabled=&#8221;normal&#8221; animation_style__hover=&#8221;none&#8221; animation_style__hover_enabled=&#8221;none&#8221; animation_repeat__hover=&#8221;once&#8221; animation_repeat__hover_enabled=&#8221;once&#8221; animation_direction__hover=&#8221;center&#8221; animation_direction__hover_enabled=&#8221;center&#8221; animation_duration__hover=&#8221;1000ms&#8221; animation_duration__hover_enabled=&#8221;1000ms&#8221; animation_delay__hover=&#8221;0ms&#8221; animation_delay__hover_enabled=&#8221;0ms&#8221; animation_intensity_slide__hover=&#8221;50%&#8221; animation_intensity_slide__hover_enabled=&#8221;50%&#8221; animation_intensity_zoom__hover=&#8221;50%&#8221; animation_intensity_zoom__hover_enabled=&#8221;50%&#8221; animation_intensity_flip__hover=&#8221;50%&#8221; animation_intensity_flip__hover_enabled=&#8221;50%&#8221; animation_intensity_fold__hover=&#8221;50%&#8221; animation_intensity_fold__hover_enabled=&#8221;50%&#8221; animation_intensity_roll__hover=&#8221;50%&#8221; animation_intensity_roll__hover_enabled=&#8221;50%&#8221; animation_starting_opacity__hover=&#8221;0%&#8221; animation_starting_opacity__hover_enabled=&#8221;0%&#8221; animation_speed_curve__hover=&#8221;ease-in-out&#8221; animation_speed_curve__hover_enabled=&#8221;ease-in-out&#8221; hover_transition_duration__hover=&#8221;300ms&#8221; hover_transition_duration__hover_enabled=&#8221;300ms&#8221; hover_transition_delay__hover=&#8221;0ms&#8221; hover_transition_delay__hover_enabled=&#8221;0ms&#8221; hover_transition_speed_curve__hover=&#8221;ease&#8221; hover_transition_speed_curve__hover_enabled=&#8221;ease&#8221; background_color_gradient_stops__hover=&#8221;#2b87da 0%|#29c4a9 100%&#8221;][et_pb_column type=&#8221;4_4&#8243; _builder_version=&#8221;4.16&#8243; _module_preset=&#8221;default&#8221; global_colors_info=&#8221;{}&#8221;][et_pb_slider arrows_custom_color=&#8221;#E02B20&#8243; dot_nav_custom_color=&#8221;#e02b20&#8243; _builder_version=&#8221;4.27.4&#8243; _module_preset=&#8221;default&#8221; animation_style=&#8221;slide&#8221; auto=&#8221;on&#8221; auto_speed=&#8221;4000&#8243; auto_ignore_hover=&#8221;on&#8221; hover_enabled=&#8221;0&#8243; hover_transition_duration_last_edited=&#8221;off|tablet&#8221; custom_css_free_form=&#8221;.selector .et-pb-slider-arrows a {||  padding: 600px 600px;||  font-size: 10px;||  top: 0 !important;||  bottom: 0 !important;||  transform: none !important;||  display: flex;||  align-items: center;||}&#8221; global_colors_info=&#8221;{}&#8221; sticky_enabled=&#8221;0&#8243;][et_pb_slide _builder_version=&#8221;4.27.4&#8243; _module_preset=&#8221;default&#8221; background_enable_color=&#8221;off&#8221; background_image=&#8221;https:\/\/humanistsmalta.org\/wp-content\/uploads\/2025\/06\/1.png&#8221; background_enable_image=&#8221;on&#8221; background_size=&#8221;contain&#8221; global_colors_info=&#8221;{}&#8221; sticky_transition=&#8221;on&#8221;][\/et_pb_slide][et_pb_slide heading=&#8221;Min jidde\u010biedi kif g\u0127andha tintemm \u0127ajtek \u2013 int jew l-istat?&#8221; _builder_version=&#8221;4.27.4&#8243; _module_preset=&#8221;default&#8221; header_font_size=&#8221;25px&#8221; background_color=&#8221;#e4052c&#8221; background_enable_color=&#8221;on&#8221; hover_enabled=&#8221;0&#8243; global_colors_info=&#8221;{}&#8221; sticky_transition=&#8221;on&#8221; sticky_enabled=&#8221;0&#8243;]<\/p>\n<p>Dawn id-de\u010bi\u017cjonijiet huma personali \u0127afna. L-istat g\u0127andu jissalvagwardja d-drittijiet tieg\u0127ek, mhux jopponihom. Li n\u010ba\u0127\u0127du lil xi \u0127add mil-libert\u00e0 li jidde\u010biedi kif u meta jtemm \u0127ajtu f\u2019ka\u017cijiet ta\u2019 tbatija insopportabbli, mhix protezzjoni &#8211; imma kontroll.<\/p>\n<p>[\/et_pb_slide][\/et_pb_slider][et_pb_slider arrows_custom_color=&#8221;#E02B20&#8243; dot_nav_custom_color=&#8221;#e02b20&#8243; _builder_version=&#8221;4.27.4&#8243; _module_preset=&#8221;default&#8221; animation_style=&#8221;slide&#8221; hover_enabled=&#8221;0&#8243; hover_transition_duration_last_edited=&#8221;off|tablet&#8221; custom_css_free_form=&#8221;.selector .et-pb-slider-arrows a {||  padding: 600px 600px;||  font-size: 10px;||  top: 0 !important;||  bottom: 0 !important;||  transform: none !important;||  display: flex;||  align-items: center;||}&#8221; global_colors_info=&#8221;{}&#8221; sticky_enabled=&#8221;0&#8243;][et_pb_slide _builder_version=&#8221;4.27.4&#8243; _module_preset=&#8221;default&#8221; background_enable_color=&#8221;off&#8221; background_image=&#8221;https:\/\/humanistsmalta.org\/wp-content\/uploads\/2025\/06\/2.png&#8221; background_enable_image=&#8221;on&#8221; background_size=&#8221;contain&#8221; global_colors_info=&#8221;{}&#8221; sticky_transition=&#8221;on&#8221;][\/et_pb_slide][et_pb_slide heading=&#8221;Meta n\u0121ieg\u0127lu lil xi \u0127add ibati, vera nkunu qed nipprote\u0121u l-\u0127ajja?&#8221; _builder_version=&#8221;4.27.4&#8243; _module_preset=&#8221;default&#8221; header_font_size=&#8221;25px&#8221; background_color=&#8221;#e4052c&#8221; background_enable_color=&#8221;on&#8221; hover_enabled=&#8221;0&#8243; global_colors_info=&#8221;{}&#8221; sticky_transition=&#8221;on&#8221; sticky_enabled=&#8221;0&#8243;]<\/p>\n<p>Li ntawlu tbatija insopportabbli kontra r-rieda tal-persuna mhix kompassjoni imma kattiverja. Rispett veru lejn il-\u0127ajja jinkludi rispett lejn il-kwalit\u00e0 ta\u2019 dik il-\u0127ajja. Li nipprote\u0121u l-\u0127ajja m\u2019g\u0127andux ifisser li n\u010ba\u0127\u0127du lill-persuna mid-dinjit\u00e0 li tidde\u010biedi meta ma tkunx lesta tissoporti aktar.<\/p>\n<p>[\/et_pb_slide][\/et_pb_slider][et_pb_slider arrows_custom_color=&#8221;#E02B20&#8243; dot_nav_custom_color=&#8221;#e02b20&#8243; _builder_version=&#8221;4.27.4&#8243; _module_preset=&#8221;default&#8221; animation_style=&#8221;slide&#8221; hover_enabled=&#8221;0&#8243; hover_transition_duration_last_edited=&#8221;off|tablet&#8221; custom_css_free_form=&#8221;.selector .et-pb-slider-arrows a {||  padding: 600px 600px;||  font-size: 10px;||  top: 0 !important;||  bottom: 0 !important;||  transform: none !important;||  display: flex;||  align-items: center;||}&#8221; global_colors_info=&#8221;{}&#8221; sticky_enabled=&#8221;0&#8243;][et_pb_slide _builder_version=&#8221;4.27.4&#8243; _module_preset=&#8221;default&#8221; background_enable_color=&#8221;off&#8221; background_image=&#8221;https:\/\/humanistsmalta.org\/wp-content\/uploads\/2025\/06\/3.png&#8221; background_enable_image=&#8221;on&#8221; background_size=&#8221;contain&#8221; global_colors_info=&#8221;{}&#8221; sticky_transition=&#8221;on&#8221;][\/et_pb_slide][et_pb_slide heading=&#8221;Il-legalizzazzjoni tal-ewtanasja tikkomprometti l-kura paljattiva? (\u0126jiel: Le)&#8221; _builder_version=&#8221;4.27.4&#8243; _module_preset=&#8221;default&#8221; header_font_size=&#8221;25px&#8221; background_color=&#8221;#e4052c&#8221; background_enable_color=&#8221;on&#8221; hover_enabled=&#8221;0&#8243; global_colors_info=&#8221;{}&#8221; sticky_transition=&#8221;on&#8221; sticky_enabled=&#8221;0&#8243;]<\/p>\n<p>Pajji\u017ci fejn l-ewtanasja hija legali, \u0127afna drabi jkollhom kura paljattiva a\u0127jar, u mhux ag\u0127ar. Dawn il-li\u0121ijiet ma ji\u0127dux post il-kura \u2013 i\u017cda joffru l-g\u0127a\u017cla. So\u010bjetajiet li juru kompassjoni jinvestu fit-tnejn: inaqqsu t-tbatija permezz tal-kura u jirrispettaw l-awtonomija meta l-kura ma tibqax bi\u017c\u017cejjed.<\/p>\n<p>[\/et_pb_slide][\/et_pb_slider][et_pb_cta button_text=&#8221;Click Here&#8221; _builder_version=&#8221;4.27.4&#8243; _module_preset=&#8221;default&#8221; background_color=&#8221;#e4052c&#8221; background_enable_image=&#8221;off&#8221; link_option_url=&#8221;https:\/\/humanistsmalta.org\/assisted-dying\/&#8221; global_colors_info=&#8221;{}&#8221;]<\/p>\n<h1><\/h1>\n<h1><\/h1>\n<h1>Skopri iktar&#8230;<\/h1>\n<p>Hemm \u0127afna iktar x&#8217;titg\u0127allem u tiskopri!<\/p>\n<p>&nbsp;<\/p>\n<p>[\/et_pb_cta][et_pb_cta _builder_version=&#8221;4.27.4&#8243; _module_preset=&#8221;default&#8221; background_color=&#8221;#FFFFFF&#8221; background_image=&#8221;https:\/\/humanistsmalta.org\/wp-content\/uploads\/2025\/02\/transparent-background-Main_Logo_Large.png&#8221; background_size=&#8221;contain&#8221; background_position=&#8221;top_center&#8221; background_vertical_offset=&#8221;2%&#8221; custom_padding=&#8221;||0px|||&#8221; link_option_url=&#8221;https:\/\/humanistsmalta.org\/&#8221; global_colors_info=&#8221;{}&#8221;][\/et_pb_cta][\/et_pb_column][\/et_pb_row][\/et_pb_section]<\/p>\n","protected":false},"excerpt":{"rendered":"<p>Dawn id-de\u010bi\u017cjonijiet huma personali \u0127afna. L-istat g\u0127andu jissalvagwardja d-drittijiet tieg\u0127ek, mhux jopponihom. Li n\u010ba\u0127\u0127du lil xi \u0127add mil-libert\u00e0 li jidde\u010biedi kif u meta jtemm \u0127ajtu f\u2019ka\u017cijiet ta\u2019 tbatija insopportabbli, mhix protezzjoni &#8211; imma kontroll.Li ntawlu tbatija insopportabbli kontra r-rieda tal-persuna mhix kompassjoni imma kattiverja. Rispett veru lejn il-\u0127ajja jinkludi rispett lejn il-kwalit\u00e0 ta\u2019 dik il-\u0127ajja. [&hellip;]<\/p>\n","protected":false},"author":4,"featured_media":0,"parent":0,"menu_order":0,"comment_status":"closed","ping_status":"closed","template":"","meta":{"_et_pb_use_builder":"on","_et_pb_old_content":"","_et_gb_content_width":"","_monsterinsights_skip_tracking":false,"_monsterinsights_sitenote_active":false,"_monsterinsights_sitenote_note":"","_monsterinsights_sitenote_category":0,"footnotes":""},"class_list":["post-17348","page","type-page","status-publish","hentry"],"yoast_head":"<!-- This site is optimized with the Yoast SEO plugin v27.5 - https:\/\/yoast.com\/product\/yoast-seo-wordpress\/ -->\n<title>Assisted Dying Campaign-MT<\/title>\n<meta name=\"robots\" content=\"index, follow, max-snippet:-1, max-image-preview:large, max-video-preview:-1\" \/>\n<link rel=\"canonical\" href=\"https:\/\/humanistsmalta.org\/mt\/assisted-dying-campaign-mt\/\" \/>\n<meta property=\"og:locale\" content=\"mt_MT\" \/>\n<meta property=\"og:type\" content=\"article\" \/>\n<meta property=\"og:title\" content=\"Assisted Dying Campaign-MT\" \/>\n<meta property=\"og:description\" content=\"Dawn id-de\u010bi\u017cjonijiet huma personali \u0127afna. L-istat g\u0127andu jissalvagwardja d-drittijiet tieg\u0127ek, mhux jopponihom. Li n\u010ba\u0127\u0127du lil xi \u0127add mil-libert\u00e0 li jidde\u010biedi kif u meta jtemm \u0127ajtu f\u2019ka\u017cijiet ta\u2019 tbatija insopportabbli, mhix protezzjoni - imma kontroll.Li ntawlu tbatija insopportabbli kontra r-rieda tal-persuna mhix kompassjoni imma kattiverja. Rispett veru lejn il-\u0127ajja jinkludi rispett lejn il-kwalit\u00e0 ta\u2019 dik il-\u0127ajja. [&hellip;]\" \/>\n<meta property=\"og:url\" content=\"https:\/\/humanistsmalta.org\/mt\/assisted-dying-campaign-mt\/\" \/>\n<meta property=\"og:site_name\" content=\"Humanists Malta\" \/>\n<meta property=\"article:publisher\" content=\"https:\/\/www.facebook.com\/humanistsmalta\/\" \/>\n<meta name=\"twitter:card\" content=\"summary_large_image\" \/>\n<meta name=\"twitter:label1\" content=\"Est. reading time\" \/>\n\t<meta name=\"twitter:data1\" content=\"1 minute\" \/>\n<script type=\"application\/ld+json\" class=\"yoast-schema-graph\">{\"@context\":\"https:\\\/\\\/schema.org\",\"@graph\":[{\"@type\":\"WebPage\",\"@id\":\"https:\\\/\\\/humanistsmalta.org\\\/assisted-dying-campaign-mt\\\/\",\"url\":\"https:\\\/\\\/humanistsmalta.org\\\/assisted-dying-campaign-mt\\\/\",\"name\":\"Assisted Dying Campaign-MT\",\"isPartOf\":{\"@id\":\"https:\\\/\\\/humanistsmalta.org\\\/#website\"},\"datePublished\":\"2025-06-12T07:11:42+00:00\",\"breadcrumb\":{\"@id\":\"https:\\\/\\\/humanistsmalta.org\\\/assisted-dying-campaign-mt\\\/#breadcrumb\"},\"inLanguage\":\"mt-MT\",\"potentialAction\":[{\"@type\":\"ReadAction\",\"target\":[\"https:\\\/\\\/humanistsmalta.org\\\/assisted-dying-campaign-mt\\\/\"]}]},{\"@type\":\"BreadcrumbList\",\"@id\":\"https:\\\/\\\/humanistsmalta.org\\\/assisted-dying-campaign-mt\\\/#breadcrumb\",\"itemListElement\":[{\"@type\":\"ListItem\",\"position\":1,\"name\":\"Home\",\"item\":\"https:\\\/\\\/humanistsmalta.org\\\/\"},{\"@type\":\"ListItem\",\"position\":2,\"name\":\"Assisted Dying Campaign-MT\"}]},{\"@type\":\"WebSite\",\"@id\":\"https:\\\/\\\/humanistsmalta.org\\\/#website\",\"url\":\"https:\\\/\\\/humanistsmalta.org\\\/\",\"name\":\"Humanists Malta\",\"description\":\"Where Humanists Can Find A Home\",\"publisher\":{\"@id\":\"https:\\\/\\\/humanistsmalta.org\\\/#organization\"},\"potentialAction\":[{\"@type\":\"SearchAction\",\"target\":{\"@type\":\"EntryPoint\",\"urlTemplate\":\"https:\\\/\\\/humanistsmalta.org\\\/?s={search_term_string}\"},\"query-input\":{\"@type\":\"PropertyValueSpecification\",\"valueRequired\":true,\"valueName\":\"search_term_string\"}}],\"inLanguage\":\"mt-MT\"},{\"@type\":\"Organization\",\"@id\":\"https:\\\/\\\/humanistsmalta.org\\\/#organization\",\"name\":\"Humanists Malta\",\"url\":\"https:\\\/\\\/humanistsmalta.org\\\/\",\"logo\":{\"@type\":\"ImageObject\",\"inLanguage\":\"mt-MT\",\"@id\":\"https:\\\/\\\/humanistsmalta.org\\\/#\\\/schema\\\/logo\\\/image\\\/\",\"url\":\"https:\\\/\\\/maltahumanist.org\\\/wp-content\\\/uploads\\\/2023\\\/07\\\/Humanists-Malta-1.png\",\"contentUrl\":\"https:\\\/\\\/maltahumanist.org\\\/wp-content\\\/uploads\\\/2023\\\/07\\\/Humanists-Malta-1.png\",\"width\":563,\"height\":142,\"caption\":\"Humanists Malta\"},\"image\":{\"@id\":\"https:\\\/\\\/humanistsmalta.org\\\/#\\\/schema\\\/logo\\\/image\\\/\"},\"sameAs\":[\"https:\\\/\\\/www.facebook.com\\\/humanistsmalta\\\/\"]}]}<\/script>\n<!-- \/ Yoast SEO plugin. -->","yoast_head_json":{"title":"Assisted Dying Campaign-MT","robots":{"index":"index","follow":"follow","max-snippet":"max-snippet:-1","max-image-preview":"max-image-preview:large","max-video-preview":"max-video-preview:-1"},"canonical":"https:\/\/humanistsmalta.org\/mt\/assisted-dying-campaign-mt\/","og_locale":"mt_MT","og_type":"article","og_title":"Assisted Dying Campaign-MT","og_description":"Dawn id-de\u010bi\u017cjonijiet huma personali \u0127afna. L-istat g\u0127andu jissalvagwardja d-drittijiet tieg\u0127ek, mhux jopponihom. Li n\u010ba\u0127\u0127du lil xi \u0127add mil-libert\u00e0 li jidde\u010biedi kif u meta jtemm \u0127ajtu f\u2019ka\u017cijiet ta\u2019 tbatija insopportabbli, mhix protezzjoni - imma kontroll.Li ntawlu tbatija insopportabbli kontra r-rieda tal-persuna mhix kompassjoni imma kattiverja. Rispett veru lejn il-\u0127ajja jinkludi rispett lejn il-kwalit\u00e0 ta\u2019 dik il-\u0127ajja. [&hellip;]","og_url":"https:\/\/humanistsmalta.org\/mt\/assisted-dying-campaign-mt\/","og_site_name":"Humanists Malta","article_publisher":"https:\/\/www.facebook.com\/humanistsmalta\/","twitter_card":"summary_large_image","twitter_misc":{"Est. reading time":"1 minute"},"schema":{"@context":"https:\/\/schema.org","@graph":[{"@type":"WebPage","@id":"https:\/\/humanistsmalta.org\/assisted-dying-campaign-mt\/","url":"https:\/\/humanistsmalta.org\/assisted-dying-campaign-mt\/","name":"Assisted Dying Campaign-MT","isPartOf":{"@id":"https:\/\/humanistsmalta.org\/#website"},"datePublished":"2025-06-12T07:11:42+00:00","breadcrumb":{"@id":"https:\/\/humanistsmalta.org\/assisted-dying-campaign-mt\/#breadcrumb"},"inLanguage":"mt-MT","potentialAction":[{"@type":"ReadAction","target":["https:\/\/humanistsmalta.org\/assisted-dying-campaign-mt\/"]}]},{"@type":"BreadcrumbList","@id":"https:\/\/humanistsmalta.org\/assisted-dying-campaign-mt\/#breadcrumb","itemListElement":[{"@type":"ListItem","position":1,"name":"Home","item":"https:\/\/humanistsmalta.org\/"},{"@type":"ListItem","position":2,"name":"Assisted Dying Campaign-MT"}]},{"@type":"WebSite","@id":"https:\/\/humanistsmalta.org\/#website","url":"https:\/\/humanistsmalta.org\/","name":"Humanists Malta","description":"Where Humanists Can Find A Home","publisher":{"@id":"https:\/\/humanistsmalta.org\/#organization"},"potentialAction":[{"@type":"SearchAction","target":{"@type":"EntryPoint","urlTemplate":"https:\/\/humanistsmalta.org\/?s={search_term_string}"},"query-input":{"@type":"PropertyValueSpecification","valueRequired":true,"valueName":"search_term_string"}}],"inLanguage":"mt-MT"},{"@type":"Organization","@id":"https:\/\/humanistsmalta.org\/#organization","name":"Humanists Malta","url":"https:\/\/humanistsmalta.org\/","logo":{"@type":"ImageObject","inLanguage":"mt-MT","@id":"https:\/\/humanistsmalta.org\/#\/schema\/logo\/image\/","url":"https:\/\/maltahumanist.org\/wp-content\/uploads\/2023\/07\/Humanists-Malta-1.png","contentUrl":"https:\/\/maltahumanist.org\/wp-content\/uploads\/2023\/07\/Humanists-Malta-1.png","width":563,"height":142,"caption":"Humanists Malta"},"image":{"@id":"https:\/\/humanistsmalta.org\/#\/schema\/logo\/image\/"},"sameAs":["https:\/\/www.facebook.com\/humanistsmalta\/"]}]}},"_links":{"self":[{"href":"https:\/\/humanistsmalta.org\/mt\/wp-json\/wp\/v2\/pages\/17348","targetHints":{"allow":["GET"]}}],"collection":[{"href":"https:\/\/humanistsmalta.org\/mt\/wp-json\/wp\/v2\/pages"}],"about":[{"href":"https:\/\/humanistsmalta.org\/mt\/wp-json\/wp\/v2\/types\/page"}],"author":[{"embeddable":true,"href":"https:\/\/humanistsmalta.org\/mt\/wp-json\/wp\/v2\/users\/4"}],"replies":[{"embeddable":true,"href":"https:\/\/humanistsmalta.org\/mt\/wp-json\/wp\/v2\/comments?post=17348"}],"version-history":[{"count":2,"href":"https:\/\/humanistsmalta.org\/mt\/wp-json\/wp\/v2\/pages\/17348\/revisions"}],"predecessor-version":[{"id":17350,"href":"https:\/\/humanistsmalta.org\/mt\/wp-json\/wp\/v2\/pages\/17348\/revisions\/17350"}],"wp:attachment":[{"href":"https:\/\/humanistsmalta.org\/mt\/wp-json\/wp\/v2\/media?parent=17348"}],"curies":[{"name":"wp","href":"https:\/\/api.w.org\/{rel}","templated":true}]}}